{"id":115,"date":"2022-12-05T11:02:04","date_gmt":"2022-12-05T11:02:04","guid":{"rendered":"https:\/\/inesmatijeviccakic.com\/eng\/ines-matijevic-cakic-2\/"},"modified":"2023-06-21T09:00:47","modified_gmt":"2023-06-21T09:00:47","slug":"naslovna2","status":"publish","type":"page","link":"https:\/\/inesmatijeviccakic.com\/eng\/","title":{"rendered":"Ines Matijevi\u0107 Caki\u0107"},"content":{"rendered":"\t\t<div data-elementor-type=\"wp-page\" data-elementor-id=\"115\" class=\"elementor elementor-115\">\n\t\t\t\t\t\t\t\t\t<section class=\"elementor-section elementor-top-section elementor-element elementor-element-a79f829 elementor-section-full_width elementor-section-height-min-height elementor-section-items-top elementor-section-height-default\" data-id=\"a79f829\" data-element_type=\"section\" data-settings=\"{&quot;background_background&quot;:&quot;classic&quot;}\">\n\t\t\t\t\t\t\t<div class=\"elementor-background-overlay\"><\/div>\n\t\t\t\t\t\t\t<div class=\"elementor-container elementor-column-gap-default\">\n\t\t\t\t\t<div class=\"elementor-column elementor-col-100 elementor-top-column elementor-element elementor-element-9adbbc6\" data-id=\"9adbbc6\" data-element_type=\"column\">\n\t\t\t<div class=\"elementor-widget-wrap elementor-element-populated\">\n\t\t\t\t\t\t\t\t<div class=\"elementor-element elementor-element-4094287 elementor-widget__width-auto elementor-view-default elementor-widget elementor-widget-icon\" data-id=\"4094287\" data-element_type=\"widget\" data-widget_type=\"icon.default\">\n\t\t\t\t<div class=\"elementor-widget-container\">\n\t\t\t\t\t<div class=\"elementor-icon-wrapper\">\n\t\t\t<a class=\"elementor-icon\" href=\"#elementor-action%3Aaction%3Dpopup%3Aopen%26settings%3DeyJpZCI6IjE0MiIsInRvZ2dsZSI6ZmFsc2V9\">\n\t\t\t<i aria-hidden=\"true\" class=\"fas fa-bars\"><\/i>\t\t\t<\/a>\n\t\t<\/div>\n\t\t\t\t<\/div>\n\t\t\t\t<\/div>\n\t\t\t\t<div class=\"elementor-element elementor-element-8fd2a57 elementor-widget__width-auto elementor-widget elementor-widget-heading\" data-id=\"8fd2a57\" data-element_type=\"widget\" data-widget_type=\"heading.default\">\n\t\t\t\t<div class=\"elementor-widget-container\">\n\t\t\t<style>\/*! elementor - v3.9.2 - 21-12-2022 *\/\n.elementor-heading-title{padding:0;margin:0;line-height:1}.elementor-widget-heading .elementor-heading-title[class*=elementor-size-]>a{color:inherit;font-size:inherit;line-height:inherit}.elementor-widget-heading .elementor-heading-title.elementor-size-small{font-size:15px}.elementor-widget-heading .elementor-heading-title.elementor-size-medium{font-size:19px}.elementor-widget-heading .elementor-heading-title.elementor-size-large{font-size:29px}.elementor-widget-heading .elementor-heading-title.elementor-size-xl{font-size:39px}.elementor-widget-heading .elementor-heading-title.elementor-size-xxl{font-size:59px}<\/style><h2 class=\"elementor-heading-title elementor-size-default\">INES MATIJEVI\u0106 CAKI\u0106<\/h2>\t\t<\/div>\n\t\t\t\t<\/div>\n\t\t\t\t\t<\/div>\n\t\t<\/div>\n\t\t\t\t\t\t\t<\/div>\n\t\t<\/section>\n\t\t\t\t\t\t\t<\/div>\n\t\t","protected":false},"excerpt":{"rendered":"<p>INES MATIJEVI\u0106 CAKI\u0106<\/p>\n","protected":false},"author":1,"featured_media":0,"parent":0,"menu_order":0,"comment_status":"closed","ping_status":"closed","template":"elementor_canvas","meta":[],"yoast_head":"<!-- This site is optimized with the Yoast SEO plugin v19.14 - https:\/\/yoast.com\/wordpress\/plugins\/seo\/ -->\n<title>Ines Matijevi\u0107 Caki\u0107 - Ines Matijevi\u0107 Caki\u0107<\/title>\n<meta name=\"robots\" content=\"index, follow, max-snippet:-1, max-image-preview:large, max-video-preview:-1\" \/>\n<link rel=\"canonical\" href=\"https:\/\/inesmatijeviccakic.com\/eng\/\" \/>\n<meta property=\"og:locale\" content=\"en_US\" \/>\n<meta property=\"og:type\" content=\"article\" \/>\n<meta property=\"og:title\" content=\"Ines Matijevi\u0107 Caki\u0107 - Ines Matijevi\u0107 Caki\u0107\" \/>\n<meta property=\"og:description\" content=\"INES MATIJEVI\u0106 CAKI\u0106\" \/>\n<meta property=\"og:url\" content=\"https:\/\/inesmatijeviccakic.com\/eng\/\" \/>\n<meta property=\"og:site_name\" content=\"Ines Matijevi\u0107 Caki\u0107\" \/>\n<meta property=\"article:modified_time\" content=\"2023-06-21T09:00:47+00:00\" \/>\n<meta name=\"twitter:card\" content=\"summary_large_image\" \/>\n<meta name=\"twitter:label1\" content=\"Est. reading time\" \/>\n\t<meta name=\"twitter:data1\" content=\"1 minute\" \/>\n<script type=\"application\/ld+json\" class=\"yoast-schema-graph\">{\"@context\":\"https:\/\/schema.org\",\"@graph\":[{\"@type\":\"WebPage\",\"@id\":\"https:\/\/inesmatijeviccakic.com\/eng\/\",\"url\":\"https:\/\/inesmatijeviccakic.com\/eng\/\",\"name\":\"Ines Matijevi\u0107 Caki\u0107 - Ines Matijevi\u0107 Caki\u0107\",\"isPartOf\":{\"@id\":\"https:\/\/inesmatijeviccakic.com\/eng\/#website\"},\"datePublished\":\"2022-12-05T11:02:04+00:00\",\"dateModified\":\"2023-06-21T09:00:47+00:00\",\"breadcrumb\":{\"@id\":\"https:\/\/inesmatijeviccakic.com\/eng\/#breadcrumb\"},\"inLanguage\":\"en-US\",\"potentialAction\":[{\"@type\":\"ReadAction\",\"target\":[\"https:\/\/inesmatijeviccakic.com\/eng\/\"]}]},{\"@type\":\"BreadcrumbList\",\"@id\":\"https:\/\/inesmatijeviccakic.com\/eng\/#breadcrumb\",\"itemListElement\":[{\"@type\":\"ListItem\",\"position\":1,\"name\":\"Naslovna\",\"item\":\"https:\/\/inesmatijeviccakic.com\/eng\/\"},{\"@type\":\"ListItem\",\"position\":2,\"name\":\"Ines Matijevi\u0107 Caki\u0107\"}]},{\"@type\":\"WebSite\",\"@id\":\"https:\/\/inesmatijeviccakic.com\/eng\/#website\",\"url\":\"https:\/\/inesmatijeviccakic.com\/eng\/\",\"name\":\"Ines Matijevi\u0107 Caki\u0107\",\"description\":\"Ines Matijevi\u0107 Caki\u0107\",\"potentialAction\":[{\"@type\":\"SearchAction\",\"target\":{\"@type\":\"EntryPoint\",\"urlTemplate\":\"https:\/\/inesmatijeviccakic.com\/eng\/?s={search_term_string}\"},\"query-input\":\"required name=search_term_string\"}],\"inLanguage\":\"en-US\"}]}<\/script>\n<!-- \/ Yoast SEO plugin. -->","yoast_head_json":{"title":"Ines Matijevi\u0107 Caki\u0107 - Ines Matijevi\u0107 Caki\u0107","robots":{"index":"index","follow":"follow","max-snippet":"max-snippet:-1","max-image-preview":"max-image-preview:large","max-video-preview":"max-video-preview:-1"},"canonical":"https:\/\/inesmatijeviccakic.com\/eng\/","og_locale":"en_US","og_type":"article","og_title":"Ines Matijevi\u0107 Caki\u0107 - Ines Matijevi\u0107 Caki\u0107","og_description":"INES MATIJEVI\u0106 CAKI\u0106","og_url":"https:\/\/inesmatijeviccakic.com\/eng\/","og_site_name":"Ines Matijevi\u0107 Caki\u0107","article_modified_time":"2023-06-21T09:00:47+00:00","twitter_card":"summary_large_image","twitter_misc":{"Est. reading time":"1 minute"},"schema":{"@context":"https:\/\/schema.org","@graph":[{"@type":"WebPage","@id":"https:\/\/inesmatijeviccakic.com\/eng\/","url":"https:\/\/inesmatijeviccakic.com\/eng\/","name":"Ines Matijevi\u0107 Caki\u0107 - Ines Matijevi\u0107 Caki\u0107","isPartOf":{"@id":"https:\/\/inesmatijeviccakic.com\/eng\/#website"},"datePublished":"2022-12-05T11:02:04+00:00","dateModified":"2023-06-21T09:00:47+00:00","breadcrumb":{"@id":"https:\/\/inesmatijeviccakic.com\/eng\/#breadcrumb"},"inLanguage":"en-US","potentialAction":[{"@type":"ReadAction","target":["https:\/\/inesmatijeviccakic.com\/eng\/"]}]},{"@type":"BreadcrumbList","@id":"https:\/\/inesmatijeviccakic.com\/eng\/#breadcrumb","itemListElement":[{"@type":"ListItem","position":1,"name":"Naslovna","item":"https:\/\/inesmatijeviccakic.com\/eng\/"},{"@type":"ListItem","position":2,"name":"Ines Matijevi\u0107 Caki\u0107"}]},{"@type":"WebSite","@id":"https:\/\/inesmatijeviccakic.com\/eng\/#website","url":"https:\/\/inesmatijeviccakic.com\/eng\/","name":"Ines Matijevi\u0107 Caki\u0107","description":"Ines Matijevi\u0107 Caki\u0107","potentialAction":[{"@type":"SearchAction","target":{"@type":"EntryPoint","urlTemplate":"https:\/\/inesmatijeviccakic.com\/eng\/?s={search_term_string}"},"query-input":"required name=search_term_string"}],"inLanguage":"en-US"}]}},"_links":{"self":[{"href":"https:\/\/inesmatijeviccakic.com\/eng\/wp-json\/wp\/v2\/pages\/115"}],"collection":[{"href":"https:\/\/inesmatijeviccakic.com\/eng\/wp-json\/wp\/v2\/pages"}],"about":[{"href":"https:\/\/inesmatijeviccakic.com\/eng\/wp-json\/wp\/v2\/types\/page"}],"author":[{"embeddable":true,"href":"https:\/\/inesmatijeviccakic.com\/eng\/wp-json\/wp\/v2\/users\/1"}],"replies":[{"embeddable":true,"href":"https:\/\/inesmatijeviccakic.com\/eng\/wp-json\/wp\/v2\/comments?post=115"}],"version-history":[{"count":76,"href":"https:\/\/inesmatijeviccakic.com\/eng\/wp-json\/wp\/v2\/pages\/115\/revisions"}],"predecessor-version":[{"id":467,"href":"https:\/\/inesmatijeviccakic.com\/eng\/wp-json\/wp\/v2\/pages\/115\/revisions\/467"}],"wp:attachment":[{"href":"https:\/\/inesmatijeviccakic.com\/eng\/wp-json\/wp\/v2\/media?parent=115"}],"curies":[{"name":"wp","href":"https:\/\/api.w.org\/{rel}","templated":true}]}}